{"id":5174,"date":"2021-06-14T17:05:10","date_gmt":"2021-06-14T17:05:10","guid":{"rendered":"https:\/\/morandewinegroup.cl\/site\/?page_id=5174"},"modified":"2021-06-16T15:05:48","modified_gmt":"2021-06-16T15:05:48","slug":"vinedos","status":"publish","type":"page","link":"https:\/\/morandewinegroup.cl\/site\/vinedos\/","title":{"rendered":"Vi\u00f1edos"},"content":{"rendered":"<p>[vc_row][vc_column][vc_single_image image=\u00bb5178&#8243; img_size=\u00bbfull\u00bb][\/vc_column][\/vc_row][vc_row][vc_column][vc_column_text single_style=\u00bb\u00bb]<span style=\"font-size: x-large;\">Morand\u00e9 Wine Group cuenta actualmente con diez campos que se ubican en cinco prestigiosos valles vitivin\u00edcolas de nuestro pa\u00eds. Ello nos permite tener vi\u00f1edos tanto en zonas de clima fr\u00edo, cercanos a la costa y a los pies de la cordillera de los Andes, como en climas c\u00e1lidos. Estas propiedades presentan una gran diversidad de suelos, desde aluviales hasta volc\u00e1nicos, gran\u00edticos y arcillosos, y distintos tipos de plantaciones, las que entregan calidades para todos los gustos.<\/span>[\/vc_column_text][\/vc_column][\/vc_row][vc_row][vc_column width=\u00bb1\/2&#8243;][vc_column_text single_style=\u00bb\u00bb]<\/p>\n<h1><strong>Valle de Casablanca<\/strong><\/h1>\n<p>[\/vc_column_text][vc_column_text single_style=\u00bb\u00bb]<span style=\"font-size: x-large;\">Fuimos los primeros en creer en su potencial y no nos equivocamos. Hoy Casablanca es uno de los valles m\u00e1s reconocidos a nivel internacional por la calidad de sus vinos. Su principal caracter\u00edstica es que recibe una importante influencia mar\u00edtima, con nieblas matinales que penetran desde el Oc\u00e9ano Pac\u00edfico y act\u00faan como moderadoras de las temperaturas de verano. Ello favorece el \u00f3ptimo desarrollo de los vi\u00f1edos, pero exige cuidados especiales para alcanzar las madureces deseadas.<\/span>[\/vc_column_text][\/vc_column][vc_column width=\u00bb1\/2&#8243;][vc_empty_space height=\u00bb130&#8243;][vc_single_image image=\u00bb5228&#8243; img_size=\u00bbfull\u00bb onclick=\u00bblink_image\u00bb][\/vc_column][\/vc_row][vc_row][vc_column][vc_column_text single_style=\u00bb\u00bb]<span style=\"font-size: x-large;\">En Casablanca contamos con dos propiedades: Bel\u00e9n y El Principal. En la primera cultivamos mayormente chardonnay, pinot noir y algunas variedades tintas como syrah y cabernet franc. Y en El Principal, ubicado en una zona m\u00e1s fr\u00eda, los vi\u00f1edos son mayormente de sauvignon blanc, gew\u00fcrztraminer y riesling. Contamos con m\u00e1s de 130 hect\u00e1reas plantadas. Los vi\u00f1edos cuentan con una densidad de 10.101 plantas por hect\u00e1rea, con una distancia de plantaci\u00f3n de 1,5 metros entre hilera y 0,66 metros sobre la misma.<\/span>[\/vc_column_text][\/vc_column][\/vc_row][vc_row][vc_column][vc_column_text single_style=\u00bb\u00bb]<\/p>\n<h2><strong>Valle del Maipo<\/strong><\/h2>\n<p>[\/vc_column_text][vc_column_text single_style=\u00bb\u00bb]<span style=\"font-size: x-large;\">Este es el valle de mayor tradici\u00f3n vitivin\u00edcola en Chile. Posee un clima mediterr\u00e1neo templado, con veranos secos y calurosos. Sus suelos, de origen aluvial, pedregosos, de buen drenaje y fertilidad media, as\u00ed como sus condiciones clim\u00e1ticas, favorecen al desarrollo de grandes vinos tintos, principalmente de cabernet sauvignon.<br \/>\nEn Maipo disponemos de tres campos: Romeral, San Bernardo y El Puntal, este \u00faltimo ubicado en Isla de Maipo. Nuestro campo Romeral cuenta con m\u00e1s de 50 hect\u00e1reas, todas plantadas bajo el concepto de alta densidad, desde 6.944 a 10.101 plantas por hect\u00e1rea. La parte m\u00e1s baja del campo se encuentra en la ribera misma del r\u00edo, de modo que se trata de un suelo pobre, muy pedregoso y con excelente drenaje. <\/span>[\/vc_column_text][\/vc_column][\/vc_row][vc_row][vc_column width=\u00bb1\/2&#8243;][vc_column_text single_style=\u00bb\u00bb]<span style=\"font-size: x-large;\">Nuestro campo San Bernardo cuenta con m\u00e1s de 50 hect\u00e1reas y se ubica en la comuna del mismo nombre, a los pies del cerro Chena, en pleno coraz\u00f3n del Valle del Maipo. Fue plantado en 1997 en alta densidad, a raz\u00f3n de 7.000 plantas por hect\u00e1rea, conducido en espaldera vertical y orientado de norte a sur 22,5\u00b0 oeste. Se sit\u00faa en la tercera terraza aluvial del r\u00edo Maipo, que se caracteriza por un horizonte de gravas y arcillas, que en gran medida es determinante para la calidad de los grandes vinos del Maipo, y por una estructura franca, que facilita un profundo desarrollo de las ra\u00edces.<\/span>[\/vc_column_text][\/vc_column][vc_column width=\u00bb1\/2&#8243;][vc_empty_space height=\u00bb20&#8243;][vc_single_image image=\u00bb5230&#8243; img_size=\u00bbfull\u00bb onclick=\u00bblink_image\u00bb][\/vc_column][\/vc_row][vc_row][vc_column width=\u00bb1\/2&#8243;][vc_column_text single_style=\u00bb\u00bb]<\/p>\n<h2><strong>Valle del Cachapoal<\/strong><\/h2>\n<p>[\/vc_column_text][vc_column_text single_style=\u00bb\u00bb]<span style=\"font-size: x-large;\">El Valle del Cachapoal, junto al de Colchagua, integran lo que t\u00e9cnicamente se denomina Valle de Rapel. Su clima es mediterr\u00e1neo templado y un poco m\u00e1s h\u00famedo que el de su vecino valle del Maipo. En Cachapoal se ubica nuestro campo La Moralina, que comprende m\u00e1s de 27 hect\u00e1reas de vi\u00f1edos ubicados en el sector cordillerano. Al estar en el piemonte andino, las plantas reciben agua directamente de los deshielos de la cordillera.<\/span>[\/vc_column_text][\/vc_column][vc_column width=\u00bb1\/2&#8243;][vc_empty_space height=\u00bb120&#8243;][vc_single_image image=\u00bb5232&#8243; img_size=\u00bbfull\u00bb onclick=\u00bblink_image\u00bb][\/vc_column][\/vc_row][vc_row][vc_column][vc_column_text single_style=\u00bb\u00bb]<span style=\"font-size: x-large;\">Durante los d\u00edas de primavera y verano se genera una gran amplitud t\u00e9rmica, suavizada por las constantes brisas que refrescan las parras y las protegen de las altas temperaturas. La mayor parte de sus suelos son profundos a moderadamente profundos, pero tambi\u00e9n posee sectores de suelos m\u00e1s delgados. Estos presentan un subsuelo compacto y un perfil de abundantes piedras angulosas y de cantos suavizados de origen aluvio-coluvial y de composici\u00f3n andes\u00edtica y de granito.<\/span>[\/vc_column_text][\/vc_column][\/vc_row][vc_row][vc_column width=\u00bb1\/2&#8243;][vc_column_text single_style=\u00bb\u00bb]<\/p>\n<h2><strong>Valle del Maule<\/strong><\/h2>\n<p>[\/vc_column_text][vc_column_text single_style=\u00bb\u00bb]<span style=\"font-size: x-large;\"> En este valle, las lluvias se concentran en invierno y las temperaturas tienden a ser un poco m\u00e1s bajas, aunque alcanzan una gran amplitud t\u00e9rmica entre el d\u00eda y la noche. Sus suelos son muy variados, desde aluviales y volc\u00e1nico a gran\u00edticos. Morand\u00e9 Wine Group dispone de tres campos en este valle, sumando m\u00e1s de 300 hect\u00e1reas. Melozal y Pencahue se destacan por tener una gran cantidad de antiguos vi\u00f1edos de pa\u00eds y carignan, los que mantienen las caracter\u00edsticas de una viticultura heredada de los conquistadores espa\u00f1oles. <\/span>[\/vc_column_text][\/vc_column][vc_column width=\u00bb1\/2&#8243;][vc_empty_space height=\u00bb120&#8243;][vc_single_image image=\u00bb5234&#8243; img_size=\u00bbfull\u00bb onclick=\u00bblink_image\u00bb][\/vc_column][\/vc_row][vc_row][vc_column][vc_column_text single_style=\u00bb\u00bb]<span style=\"font-size: x-large;\"> Es decir, vi\u00f1edos podados en cabeza y plantados en baja densidad, perfectamente adaptados a este clima seco y c\u00e1lido en verano y a sus suelos de origen gran\u00edtico y de arcillas rojas. All\u00ed tambi\u00e9n se ubican otros vi\u00f1edos de variedades m\u00e1s cl\u00e1sicas, destinados a diferentes tipos de producci\u00f3n. Por su parte, el campo Yerbas Buenas, ubicado en la zona precordillerana del Maule, se destaca por la calidad de sus vinos blancos, frutales y frescos, que provienen de sus suelos aluviales y su clima de influencia andina.<\/span>[\/vc_column_text][\/vc_column][\/vc_row][vc_row][vc_column width=\u00bb1\/2&#8243;][vc_column_text single_style=\u00bb\u00bb]<\/p>\n<h2><strong>Valle de Itata<\/strong><\/h2>\n<p>[\/vc_column_text][vc_column_text single_style=\u00bb\u00bb]<span style=\"font-size: x-large;\">En Itata, nuestros vi\u00f1edos se encuentran enclavados en la Cordillera de la Costa. Esta se caracteriza por sus suaves colinas de granito, cuyos suelos tienen una alta presencia de cuarzo en todo su perfil. Su clima templado nos da la posibilidad de experimentar e innovar con variedades francesas, italianas y espa\u00f1olas adaptadas a las caracter\u00edsticas del Secano Interior de este valle. El campo R\u00e1nquil comprende m\u00e1s de 20 hect\u00e1reas de vi\u00f1as centenarias, plantadas en sus quebradas con m\u00faltiples exposiciones. All\u00ed contamos con vi\u00f1edos de cepa Pa\u00eds y Cabernet Sauvignon de m\u00e1s de 80 a\u00f1os, los que nos han sorprendido por su pureza varietal, especialmente la del cabernet, que muestra gran car\u00e1cter y elegancia.<\/span>[\/vc_column_text][\/vc_column][vc_column width=\u00bb1\/2&#8243;][vc_empty_space height=\u00bb130&#8243;][vc_single_image image=\u00bb5236&#8243; img_size=\u00bbfull\u00bb onclick=\u00bblink_image\u00bb][\/vc_column][\/vc_row][vc_row][vc_column][\/vc_column][\/vc_row][vc_row][vc_column][vc_column_text][\/vc_column_text][\/vc_column][\/vc_row]<\/p>\n","protected":false},"excerpt":{"rendered":"<p>[vc_row][vc_column][vc_single_image image=\u00bb5178&#8243; img_size=\u00bbfull\u00bb][\/vc_column][\/vc_row][vc_row][vc_column][vc_column_text single_style=\u00bb\u00bb]Morand\u00e9 Wine Group cuenta actualmente con diez campos que se ubican en cinco prestigiosos valles vitivin\u00edcolas de nuestro pa\u00eds. Ello nos permite tener vi\u00f1edos tanto en zonas de clima fr\u00edo, cercanos a la costa y a los pies de la cordillera de los Andes, como en climas c\u00e1lidos. Estas propiedades presentan una<\/p>\n","protected":false},"author":1,"featured_media":0,"parent":0,"menu_order":0,"comment_status":"closed","ping_status":"closed","template":"page-blocks.php","meta":{"footnotes":""},"class_list":["post-5174","page","type-page","status-publish"],"yoast_head":"<!-- This site is optimized with the Yoast SEO plugin v25.8 - https:\/\/yoast.com\/wordpress\/plugins\/seo\/ -->\n<title>Vi\u00f1edos ~ Morande Wine Group<\/title>\n<meta name=\"robots\" content=\"index, follow, max-snippet:-1, max-image-preview:large, max-video-preview:-1\" \/>\n<link rel=\"canonical\" href=\"https:\/\/morandewinegroup.cl\/site\/vinedos\/\" \/>\n<meta property=\"og:locale\" content=\"es_ES\" \/>\n<meta property=\"og:type\" content=\"article\" \/>\n<meta property=\"og:title\" content=\"Vi\u00f1edos ~ Morande Wine Group\" \/>\n<meta property=\"og:description\" content=\"[vc_row][vc_column][vc_single_image image=\u00bb5178&#8243; img_size=\u00bbfull\u00bb][\/vc_column][\/vc_row][vc_row][vc_column][vc_column_text single_style=\u00bb\u00bb]Morand\u00e9 Wine Group cuenta actualmente con diez campos que se ubican en cinco prestigiosos valles vitivin\u00edcolas de nuestro pa\u00eds. Ello nos permite tener vi\u00f1edos tanto en zonas de clima fr\u00edo, cercanos a la costa y a los pies de la cordillera de los Andes, como en climas c\u00e1lidos. Estas propiedades presentan una\" \/>\n<meta property=\"og:url\" content=\"https:\/\/morandewinegroup.cl\/site\/vinedos\/\" \/>\n<meta property=\"og:site_name\" content=\"Morande Wine Group\" \/>\n<meta property=\"article:modified_time\" content=\"2021-06-16T15:05:48+00:00\" \/>\n<meta property=\"og:image\" content=\"https:\/\/morandewinegroup.cl\/site\/wp-content\/uploads\/2025\/07\/MWG-LOGO.jpg\" \/>\n\t<meta property=\"og:image:width\" content=\"807\" \/>\n\t<meta property=\"og:image:height\" content=\"807\" \/>\n\t<meta property=\"og:image:type\" content=\"image\/jpeg\" \/>\n<meta name=\"twitter:card\" content=\"summary_large_image\" \/>\n<meta name=\"twitter:label1\" content=\"Tiempo de lectura\" \/>\n\t<meta name=\"twitter:data1\" content=\"7 minutos\" \/>\n<script type=\"application\/ld+json\" class=\"yoast-schema-graph\">{\"@context\":\"https:\/\/schema.org\",\"@graph\":[{\"@type\":\"WebPage\",\"@id\":\"https:\/\/morandewinegroup.cl\/site\/vinedos\/\",\"url\":\"https:\/\/morandewinegroup.cl\/site\/vinedos\/\",\"name\":\"Vi\u00f1edos ~ Morande Wine Group\",\"isPartOf\":{\"@id\":\"https:\/\/morandewinegroup.cl\/site\/#website\"},\"datePublished\":\"2021-06-14T17:05:10+00:00\",\"dateModified\":\"2021-06-16T15:05:48+00:00\",\"breadcrumb\":{\"@id\":\"https:\/\/morandewinegroup.cl\/site\/vinedos\/#breadcrumb\"},\"inLanguage\":\"es\",\"potentialAction\":[{\"@type\":\"ReadAction\",\"target\":[\"https:\/\/morandewinegroup.cl\/site\/vinedos\/\"]}]},{\"@type\":\"BreadcrumbList\",\"@id\":\"https:\/\/morandewinegroup.cl\/site\/vinedos\/#breadcrumb\",\"itemListElement\":[{\"@type\":\"ListItem\",\"position\":1,\"name\":\"Portada\",\"item\":\"https:\/\/morandewinegroup.cl\/site\/\"},{\"@type\":\"ListItem\",\"position\":2,\"name\":\"Vi\u00f1edos\"}]},{\"@type\":\"WebSite\",\"@id\":\"https:\/\/morandewinegroup.cl\/site\/#website\",\"url\":\"https:\/\/morandewinegroup.cl\/site\/\",\"name\":\"Morande Wine Group\",\"description\":\"Grupo Enol\u00f3gico de mayor alcance en Chile\",\"publisher\":{\"@id\":\"https:\/\/morandewinegroup.cl\/site\/#organization\"},\"alternateName\":\"MWG\",\"potentialAction\":[{\"@type\":\"SearchAction\",\"target\":{\"@type\":\"EntryPoint\",\"urlTemplate\":\"https:\/\/morandewinegroup.cl\/site\/?s={search_term_string}\"},\"query-input\":{\"@type\":\"PropertyValueSpecification\",\"valueRequired\":true,\"valueName\":\"search_term_string\"}}],\"inLanguage\":\"es\"},{\"@type\":\"Organization\",\"@id\":\"https:\/\/morandewinegroup.cl\/site\/#organization\",\"name\":\"Morande Wine Group\",\"alternateName\":\"MWG\",\"url\":\"https:\/\/morandewinegroup.cl\/site\/\",\"logo\":{\"@type\":\"ImageObject\",\"inLanguage\":\"es\",\"@id\":\"https:\/\/morandewinegroup.cl\/site\/#\/schema\/logo\/image\/\",\"url\":\"https:\/\/morandewinegroup.cl\/site\/wp-content\/uploads\/2025\/07\/cropped-mwg-fav2.png\",\"contentUrl\":\"https:\/\/morandewinegroup.cl\/site\/wp-content\/uploads\/2025\/07\/cropped-mwg-fav2.png\",\"width\":512,\"height\":512,\"caption\":\"Morande Wine Group\"},\"image\":{\"@id\":\"https:\/\/morandewinegroup.cl\/site\/#\/schema\/logo\/image\/\"}}]}<\/script>\n<!-- \/ Yoast SEO plugin. -->","yoast_head_json":{"title":"Vi\u00f1edos ~ Morande Wine Group","robots":{"index":"index","follow":"follow","max-snippet":"max-snippet:-1","max-image-preview":"max-image-preview:large","max-video-preview":"max-video-preview:-1"},"canonical":"https:\/\/morandewinegroup.cl\/site\/vinedos\/","og_locale":"es_ES","og_type":"article","og_title":"Vi\u00f1edos ~ Morande Wine Group","og_description":"[vc_row][vc_column][vc_single_image image=\u00bb5178&#8243; img_size=\u00bbfull\u00bb][\/vc_column][\/vc_row][vc_row][vc_column][vc_column_text single_style=\u00bb\u00bb]Morand\u00e9 Wine Group cuenta actualmente con diez campos que se ubican en cinco prestigiosos valles vitivin\u00edcolas de nuestro pa\u00eds. Ello nos permite tener vi\u00f1edos tanto en zonas de clima fr\u00edo, cercanos a la costa y a los pies de la cordillera de los Andes, como en climas c\u00e1lidos. Estas propiedades presentan una","og_url":"https:\/\/morandewinegroup.cl\/site\/vinedos\/","og_site_name":"Morande Wine Group","article_modified_time":"2021-06-16T15:05:48+00:00","og_image":[{"width":807,"height":807,"url":"https:\/\/morandewinegroup.cl\/site\/wp-content\/uploads\/2025\/07\/MWG-LOGO.jpg","type":"image\/jpeg"}],"twitter_card":"summary_large_image","twitter_misc":{"Tiempo de lectura":"7 minutos"},"schema":{"@context":"https:\/\/schema.org","@graph":[{"@type":"WebPage","@id":"https:\/\/morandewinegroup.cl\/site\/vinedos\/","url":"https:\/\/morandewinegroup.cl\/site\/vinedos\/","name":"Vi\u00f1edos ~ Morande Wine Group","isPartOf":{"@id":"https:\/\/morandewinegroup.cl\/site\/#website"},"datePublished":"2021-06-14T17:05:10+00:00","dateModified":"2021-06-16T15:05:48+00:00","breadcrumb":{"@id":"https:\/\/morandewinegroup.cl\/site\/vinedos\/#breadcrumb"},"inLanguage":"es","potentialAction":[{"@type":"ReadAction","target":["https:\/\/morandewinegroup.cl\/site\/vinedos\/"]}]},{"@type":"BreadcrumbList","@id":"https:\/\/morandewinegroup.cl\/site\/vinedos\/#breadcrumb","itemListElement":[{"@type":"ListItem","position":1,"name":"Portada","item":"https:\/\/morandewinegroup.cl\/site\/"},{"@type":"ListItem","position":2,"name":"Vi\u00f1edos"}]},{"@type":"WebSite","@id":"https:\/\/morandewinegroup.cl\/site\/#website","url":"https:\/\/morandewinegroup.cl\/site\/","name":"Morande Wine Group","description":"Grupo Enol\u00f3gico de mayor alcance en Chile","publisher":{"@id":"https:\/\/morandewinegroup.cl\/site\/#organization"},"alternateName":"MWG","potentialAction":[{"@type":"SearchAction","target":{"@type":"EntryPoint","urlTemplate":"https:\/\/morandewinegroup.cl\/site\/?s={search_term_string}"},"query-input":{"@type":"PropertyValueSpecification","valueRequired":true,"valueName":"search_term_string"}}],"inLanguage":"es"},{"@type":"Organization","@id":"https:\/\/morandewinegroup.cl\/site\/#organization","name":"Morande Wine Group","alternateName":"MWG","url":"https:\/\/morandewinegroup.cl\/site\/","logo":{"@type":"ImageObject","inLanguage":"es","@id":"https:\/\/morandewinegroup.cl\/site\/#\/schema\/logo\/image\/","url":"https:\/\/morandewinegroup.cl\/site\/wp-content\/uploads\/2025\/07\/cropped-mwg-fav2.png","contentUrl":"https:\/\/morandewinegroup.cl\/site\/wp-content\/uploads\/2025\/07\/cropped-mwg-fav2.png","width":512,"height":512,"caption":"Morande Wine Group"},"image":{"@id":"https:\/\/morandewinegroup.cl\/site\/#\/schema\/logo\/image\/"}}]}},"_links":{"self":[{"href":"https:\/\/morandewinegroup.cl\/site\/wp-json\/wp\/v2\/pages\/5174","targetHints":{"allow":["GET"]}}],"collection":[{"href":"https:\/\/morandewinegroup.cl\/site\/wp-json\/wp\/v2\/pages"}],"about":[{"href":"https:\/\/morandewinegroup.cl\/site\/wp-json\/wp\/v2\/types\/page"}],"author":[{"embeddable":true,"href":"https:\/\/morandewinegroup.cl\/site\/wp-json\/wp\/v2\/users\/1"}],"replies":[{"embeddable":true,"href":"https:\/\/morandewinegroup.cl\/site\/wp-json\/wp\/v2\/comments?post=5174"}],"version-history":[{"count":8,"href":"https:\/\/morandewinegroup.cl\/site\/wp-json\/wp\/v2\/pages\/5174\/revisions"}],"predecessor-version":[{"id":5181,"href":"https:\/\/morandewinegroup.cl\/site\/wp-json\/wp\/v2\/pages\/5174\/revisions\/5181"}],"wp:attachment":[{"href":"https:\/\/morandewinegroup.cl\/site\/wp-json\/wp\/v2\/media?parent=5174"}],"curies":[{"name":"wp","href":"https:\/\/api.w.org\/{rel}","templated":true}]}}