{"id":4344,"date":"2021-03-04T20:57:27","date_gmt":"2021-03-04T20:57:27","guid":{"rendered":"https:\/\/morandewinegroup.cl\/site\/?page_id=4344"},"modified":"2021-10-19T15:33:38","modified_gmt":"2021-10-19T15:33:38","slug":"wineblogs","status":"publish","type":"page","link":"https:\/\/morandewinegroup.cl\/site\/wineblogs\/","title":{"rendered":"Wineblog"},"content":{"rendered":"<p>[vc_row][vc_column]\n\t<section class=\"cf block loop-grid-3\" data-id=\"49\">\n\t\n\t\t\n\t\t\t\t\t\n\t\t\t<div class=\"block-head-c\">\n\t\t\t\t<h4 class=\"title\"><a href=\"https:\/\/morandewinegroup.cl\/site\/category\/wineblog\/\">Wineblog<\/a><\/h4>\n\t\t\t\t\t\t\t\t\t\n\t\t\t\t\t\t\t\t\n\t\t\t\t\t\t\t\n\t\t\t<\/div>\t\n\t\t\t\n\t\t\n\t\t\t\t\n\t\t\t\t\n\t\t<div class=\"block-content\">\n\t\t\n\t<div class=\"posts-dynamic posts-container ts-row grid count-0 grid-cols-3 masonry\">\n\t\t\t\n\t\t\t\t\t\n\t\t\t\t\t\t\n\t\t\t\t\t\t\t\n\t\t\t\t\t\t\t\t\n\t\t\t\t<div class=\"posts-wrap\">\t\t\t\t\n\t\t\t\t\t\t\n\t\t\t\t\t\t\n\t\t\t\t\t\t\t\t\n\t\t\t\t\t<div class=\"col-4\">\t\n\t\t\t\t\t\t\n<article id=\"post-5983\" class=\"grid-post post-5983 post type-post status-publish format-standard has-post-thumbnail category-noticias category-wineblog has-excerpt\">\n\t\n\t<div class=\"post-header cf\">\n\t\t\t\n\t\t<div class=\"post-thumb\">\n\t\t\t<a href=\"https:\/\/morandewinegroup.cl\/site\/2023\/05\/morande-black-series-es-rankeado-como-mejor-pinot-noir-chileno-por-revista-decanter\/\" class=\"image-link\">\n\t\t\t\n\t\t\t\t<img fetchpriority=\"high\" decoding=\"async\" width=\"770\" height=\"433\" src=\"data:image\/svg+xml,%3Csvg%20viewBox%3D%270%200%201024%20576%27%20xmlns%3D%27http%3A%2F%2Fwww.w3.org%2F2000%2Fsvg%27%3E%3C%2Fsvg%3E\" class=\"attachment-large size-large lazyload wp-post-image\" alt=\"\" title=\"MORAND\u00c9 BLACK SERIES ES RANKEADO COMO MEJOR PINOT NOIR CHILENO POR REVISTA DECANTER\" data-srcset=\"https:\/\/morandewinegroup.cl\/site\/wp-content\/uploads\/2023\/05\/BANNER_DECANTER_PN-1-1024x576.jpg 1024w, https:\/\/morandewinegroup.cl\/site\/wp-content\/uploads\/2023\/05\/BANNER_DECANTER_PN-1-300x169.jpg 300w, https:\/\/morandewinegroup.cl\/site\/wp-content\/uploads\/2023\/05\/BANNER_DECANTER_PN-1.jpg 1366w\" data-src=\"https:\/\/morandewinegroup.cl\/site\/wp-content\/uploads\/2023\/05\/BANNER_DECANTER_PN-1-1024x576.jpg\" data-sizes=\"(max-width: 770px) 100vw, 770px\" \/>\t\t\t\t\t\n\t\t\t\t\n\t\t\t<\/a>\n\t\t\t\n\t\t\t\t\t<\/div>\n\t\t\n\t\t<div class=\"meta-title\">\n\t\t\n\t\t\t\t<div class=\"post-meta post-meta-c\">\n\t\t\n\t\t\n\t\t\n\t\t\t\t\t\n\t\t\t\n\t\t\t<h2 class=\"post-title-alt\">\n\t\t\t\t\t\t\t\n\t\t\t\t<a href=\"https:\/\/morandewinegroup.cl\/site\/2023\/05\/morande-black-series-es-rankeado-como-mejor-pinot-noir-chileno-por-revista-decanter\/\">MORAND\u00c9 BLACK SERIES ES RANKEADO COMO MEJOR PINOT NOIR CHILENO POR REVISTA DECANTER<\/a>\n\t\t\t\t\t\n\t\t\t\t\t\t\t<\/h2>\n\t\t\t\n\t\t\t\t\n\t\t\n\t\t\t\t\n\t\t\t<span class=\"post-author\"><span class=\"by\">By<\/span> <a href=\"https:\/\/morandewinegroup.cl\/site\/author\/admin\/\" title=\"Entradas de MWG\" rel=\"author\">MWG<\/a><\/span>\n\t\t\t<span class=\"meta-sep\"><\/span>\n\t\t\t\n\t\t\t\t\n\t\t\n\t\t\t\t\t<a href=\"https:\/\/morandewinegroup.cl\/site\/2023\/05\/morande-black-series-es-rankeado-como-mejor-pinot-noir-chileno-por-revista-decanter\/\" class=\"date-link\"><time class=\"post-date\" datetime=\"2023-05-04T23:16:39+00:00\">mayo 4, 2023<\/time><\/a>\n\t\t\n\t\t\n\t<\/div>\t\t\n\t\t<\/div>\n\t\t\n\t<\/div><!-- .post-header -->\n\n\t\t<div class=\"post-content post-excerpt cf\">\n\t\t<p>[vc_row row_type=\u00bbrow\u00bb use_row_as_full_screen_section=\u00bbno\u00bb type=\u00bbfull_width\u00bb angled_section=\u00bbno\u00bb text_align=\u00bbleft\u00bb background_image_as_pattern=\u00bbwithout_pattern\u00bb][vc_column][vc_column_text]Decanter, una de las revistas m\u00e1s prestigiosas de la industria a nivel mundial posicion\u00f3&hellip;<\/p>\n\t\t\t\n\t<\/div><!-- .post-content -->\n\t\t\n\t\t\n\t\t\n<\/article>\n\t\t\t\t\t<\/div>\n\t\t\t\t\t\n\t\t\t\t\t\t\t\t\t\n\t\t\t\t\t\t\n\t\t\t\t\t\n\t\t\t\t\t\t\n\t\t\t\t\t\t\n\t\t\t\t\t\t\t\t\n\t\t\t\t\t<div class=\"col-4\">\t\n\t\t\t\t\t\t\n<article id=\"post-5964\" class=\"grid-post post-5964 post type-post status-publish format-standard has-post-thumbnail category-noticias category-wineblog has-excerpt\">\n\t\n\t<div class=\"post-header cf\">\n\t\t\t\n\t\t<div class=\"post-thumb\">\n\t\t\t<a href=\"https:\/\/morandewinegroup.cl\/site\/2023\/05\/morande-gran-reserva-es-el-sauvignon-blanc-chileno-mejor-rankeado-por-revista-decanter\/\" class=\"image-link\">\n\t\t\t\n\t\t\t\t<img decoding=\"async\" width=\"770\" height=\"433\" src=\"data:image\/svg+xml,%3Csvg%20viewBox%3D%270%200%201024%20576%27%20xmlns%3D%27http%3A%2F%2Fwww.w3.org%2F2000%2Fsvg%27%3E%3C%2Fsvg%3E\" class=\"attachment-large size-large lazyload wp-post-image\" alt=\"\" title=\"MORAND\u00c9 GRAN RESERVA ES EL SAUVIGNON BLANC CHILENO MEJOR RANKEADO POR REVISTA DECANTER\" data-srcset=\"https:\/\/morandewinegroup.cl\/site\/wp-content\/uploads\/2023\/05\/BANNER_DECANTER_SB-1024x576.jpg 1024w, https:\/\/morandewinegroup.cl\/site\/wp-content\/uploads\/2023\/05\/BANNER_DECANTER_SB-300x169.jpg 300w, https:\/\/morandewinegroup.cl\/site\/wp-content\/uploads\/2023\/05\/BANNER_DECANTER_SB.jpg 1366w\" data-src=\"https:\/\/morandewinegroup.cl\/site\/wp-content\/uploads\/2023\/05\/BANNER_DECANTER_SB-1024x576.jpg\" data-sizes=\"(max-width: 770px) 100vw, 770px\" \/>\t\t\t\t\t\n\t\t\t\t\n\t\t\t<\/a>\n\t\t\t\n\t\t\t\t\t<\/div>\n\t\t\n\t\t<div class=\"meta-title\">\n\t\t\n\t\t\t\t<div class=\"post-meta post-meta-c\">\n\t\t\n\t\t\n\t\t\n\t\t\t\t\t\n\t\t\t\n\t\t\t<h2 class=\"post-title-alt\">\n\t\t\t\t\t\t\t\n\t\t\t\t<a href=\"https:\/\/morandewinegroup.cl\/site\/2023\/05\/morande-gran-reserva-es-el-sauvignon-blanc-chileno-mejor-rankeado-por-revista-decanter\/\">MORAND\u00c9 GRAN RESERVA ES EL SAUVIGNON BLANC CHILENO MEJOR RANKEADO POR REVISTA DECANTER<\/a>\n\t\t\t\t\t\n\t\t\t\t\t\t\t<\/h2>\n\t\t\t\n\t\t\t\t\n\t\t\n\t\t\t\t\n\t\t\t<span class=\"post-author\"><span class=\"by\">By<\/span> <a href=\"https:\/\/morandewinegroup.cl\/site\/author\/admin\/\" title=\"Entradas de MWG\" rel=\"author\">MWG<\/a><\/span>\n\t\t\t<span class=\"meta-sep\"><\/span>\n\t\t\t\n\t\t\t\t\n\t\t\n\t\t\t\t\t<a href=\"https:\/\/morandewinegroup.cl\/site\/2023\/05\/morande-gran-reserva-es-el-sauvignon-blanc-chileno-mejor-rankeado-por-revista-decanter\/\" class=\"date-link\"><time class=\"post-date\" datetime=\"2023-05-04T23:00:10+00:00\">mayo 4, 2023<\/time><\/a>\n\t\t\n\t\t\n\t<\/div>\t\t\n\t\t<\/div>\n\t\t\n\t<\/div><!-- .post-header -->\n\n\t\t<div class=\"post-content post-excerpt cf\">\n\t\t<p>[vc_row row_type=\u00bbrow\u00bb use_row_as_full_screen_section=\u00bbno\u00bb type=\u00bbfull_width\u00bb angled_section=\u00bbno\u00bb text_align=\u00bbleft\u00bb background_image_as_pattern=\u00bbwithout_pattern\u00bb][vc_column width=\u00bb5\/6&#8243;][vc_column_text]La prestigiosa revista inglesa Decanter, eligi\u00f3 a Gran Reserva Sauvignon Blanc 2021 como&hellip;<\/p>\n\t\t\t\n\t<\/div><!-- .post-content -->\n\t\t\n\t\t\n\t\t\n<\/article>\n\t\t\t\t\t<\/div>\n\t\t\t\t\t\n\t\t\t\t\t\t\t\t\t\n\t\t\t\t\t\t\n\t\t\t\t\t\n\t\t\t\t\t\t\n\t\t\t\t\t\t\n\t\t\t\t\t\t\t\t\n\t\t\t\t\t<div class=\"col-4\">\t\n\t\t\t\t\t\t\n<article id=\"post-4738\" class=\"grid-post post-4738 post type-post status-publish format-standard has-post-thumbnail category-wineblog tag-cabernet-sauvignon-2 tag-campo-raquil tag-chile tag-vinedo tag-vino has-excerpt\">\n\t\n\t<div class=\"post-header cf\">\n\t\t\t\n\t\t<div class=\"post-thumb\">\n\t\t\t<a href=\"https:\/\/morandewinegroup.cl\/site\/2020\/11\/ranquil\/\" class=\"image-link\">\n\t\t\t\n\t\t\t\t<img decoding=\"async\" width=\"770\" height=\"379\" src=\"data:image\/svg+xml,%3Csvg%20viewBox%3D%270%200%201024%20504%27%20xmlns%3D%27http%3A%2F%2Fwww.w3.org%2F2000%2Fsvg%27%3E%3C%2Fsvg%3E\" class=\"attachment-large size-large lazyload wp-post-image\" alt=\"\" title=\"Ranquil: Esculpiendo Vinos\" data-srcset=\"https:\/\/morandewinegroup.cl\/site\/wp-content\/uploads\/2020\/11\/ranquil-wineblog-scaled-e1615821923567-1024x504.jpeg 1024w, https:\/\/morandewinegroup.cl\/site\/wp-content\/uploads\/2020\/11\/ranquil-wineblog-scaled-e1615821923567-300x148.jpeg 300w, https:\/\/morandewinegroup.cl\/site\/wp-content\/uploads\/2020\/11\/ranquil-wineblog-scaled-e1615821923567-1536x756.jpeg 1536w, https:\/\/morandewinegroup.cl\/site\/wp-content\/uploads\/2020\/11\/ranquil-wineblog-scaled-e1615821923567-768x378.jpeg 768w\" data-src=\"https:\/\/morandewinegroup.cl\/site\/wp-content\/uploads\/2020\/11\/ranquil-wineblog-scaled-e1615821923567-1024x504.jpeg\" data-sizes=\"(max-width: 770px) 100vw, 770px\" \/>\t\t\t\t\t\n\t\t\t\t\n\t\t\t<\/a>\n\t\t\t\n\t\t\t\t\t<\/div>\n\t\t\n\t\t<div class=\"meta-title\">\n\t\t\n\t\t\t\t<div class=\"post-meta post-meta-c\">\n\t\t\n\t\t\n\t\t\n\t\t\t\t\t\n\t\t\t\n\t\t\t<h2 class=\"post-title-alt\">\n\t\t\t\t\t\t\t\n\t\t\t\t<a href=\"https:\/\/morandewinegroup.cl\/site\/2020\/11\/ranquil\/\">Ranquil: Esculpiendo Vinos<\/a>\n\t\t\t\t\t\n\t\t\t\t\t\t\t<\/h2>\n\t\t\t\n\t\t\t\t\n\t\t\n\t\t\t\t\n\t\t\t<span class=\"post-author\"><span class=\"by\">By<\/span> <a href=\"https:\/\/morandewinegroup.cl\/site\/author\/admin\/\" title=\"Entradas de MWG\" rel=\"author\">MWG<\/a><\/span>\n\t\t\t<span class=\"meta-sep\"><\/span>\n\t\t\t\n\t\t\t\t\n\t\t\n\t\t\t\t\t<a href=\"https:\/\/morandewinegroup.cl\/site\/2020\/11\/ranquil\/\" class=\"date-link\"><time class=\"post-date\" datetime=\"2020-11-25T15:54:24+00:00\">noviembre 25, 2020<\/time><\/a>\n\t\t\n\t\t\n\t<\/div>\t\t\n\t\t<\/div>\n\t\t\n\t<\/div><!-- .post-header -->\n\n\t\t<div class=\"post-content post-excerpt cf\">\n\t\t<p>El peque\u00f1o pueblito de R\u00e1nquil, otrora un relevante y din\u00e1mico punto de intercambio comercial en la zona de Itata, es la cuna de uno de nuestros mas c\u00e9lebres escultores del siglo XIX, Virginio Arias. Entre sus obras m\u00e1s destacadas figuran la estatua del Roto Chileno en Plaza Yungay (y en la mism\u00edsima plaza de R\u00e1nquil), as\u00ed como la muy actual estatua del General Baquedano en Plaza Italia y \u201cEl descendimiento\u201d en el Museo Nacional de Bellas Artes.<\/p>\n\t\t\t\n\t<\/div><!-- .post-content -->\n\t\t\n\t\t\n\t\t\n<\/article>\n\t\t\t\t\t<\/div>\n\t\t\t\t\t\n\t\t\t\t\t\t\t\t\t\n\t\t\t\t\t\t\n\t\t\t\t\t\n\t\t\t\t\t\t\n\t\t\t\t\t\t\n\t\t\t\t\t\t\t\t\n\t\t\t\t\t<div class=\"col-4\">\t\n\t\t\t\t\t\t\n<article id=\"post-4741\" class=\"grid-post post-4741 post type-post status-publish format-standard has-post-thumbnail category-wineblog tag-chile tag-huevos-de-cemento tag-vino has-excerpt\">\n\t\n\t<div class=\"post-header cf\">\n\t\t\t\n\t\t<div class=\"post-thumb\">\n\t\t\t<a href=\"https:\/\/morandewinegroup.cl\/site\/2020\/10\/huevos-de-cemento\/\" class=\"image-link\">\n\t\t\t\n\t\t\t\t<img loading=\"lazy\" decoding=\"async\" width=\"770\" height=\"382\" src=\"data:image\/svg+xml,%3Csvg%20viewBox%3D%270%200%201024%20508%27%20xmlns%3D%27http%3A%2F%2Fwww.w3.org%2F2000%2Fsvg%27%3E%3C%2Fsvg%3E\" class=\"attachment-large size-large lazyload wp-post-image\" alt=\"\" title=\"Huevos de cemento: De la cuadratura al c\u00edrculo\" data-srcset=\"https:\/\/morandewinegroup.cl\/site\/wp-content\/uploads\/2020\/10\/Sin-titulo-1-1024x508.png 1024w, https:\/\/morandewinegroup.cl\/site\/wp-content\/uploads\/2020\/10\/Sin-titulo-1-300x149.png 300w, https:\/\/morandewinegroup.cl\/site\/wp-content\/uploads\/2020\/10\/Sin-titulo-1.png 1170w\" data-src=\"https:\/\/morandewinegroup.cl\/site\/wp-content\/uploads\/2020\/10\/Sin-titulo-1-1024x508.png\" data-sizes=\"(max-width: 770px) 100vw, 770px\" \/>\t\t\t\t\t\n\t\t\t\t\n\t\t\t<\/a>\n\t\t\t\n\t\t\t\t\t<\/div>\n\t\t\n\t\t<div class=\"meta-title\">\n\t\t\n\t\t\t\t<div class=\"post-meta post-meta-c\">\n\t\t\n\t\t\n\t\t\n\t\t\t\t\t\n\t\t\t\n\t\t\t<h2 class=\"post-title-alt\">\n\t\t\t\t\t\t\t\n\t\t\t\t<a href=\"https:\/\/morandewinegroup.cl\/site\/2020\/10\/huevos-de-cemento\/\">Huevos de cemento: De la cuadratura al c\u00edrculo<\/a>\n\t\t\t\t\t\n\t\t\t\t\t\t\t<\/h2>\n\t\t\t\n\t\t\t\t\n\t\t\n\t\t\t\t\n\t\t\t<span class=\"post-author\"><span class=\"by\">By<\/span> <a href=\"https:\/\/morandewinegroup.cl\/site\/author\/admin\/\" title=\"Entradas de MWG\" rel=\"author\">MWG<\/a><\/span>\n\t\t\t<span class=\"meta-sep\"><\/span>\n\t\t\t\n\t\t\t\t\n\t\t\n\t\t\t\t\t<a href=\"https:\/\/morandewinegroup.cl\/site\/2020\/10\/huevos-de-cemento\/\" class=\"date-link\"><time class=\"post-date\" datetime=\"2020-10-23T00:29:31+00:00\">octubre 23, 2020<\/time><\/a>\n\t\t\n\t\t\n\t<\/div>\t\t\n\t\t<\/div>\n\t\t\n\t<\/div><!-- .post-header -->\n\n\t\t<div class=\"post-content post-excerpt cf\">\n\t\t<p>Si bien el cemento armado y, antes, la alba\u00f1iler\u00eda, se han usado desde hace siglos, fue en Inglaterra donde, a partir de 1756, apareci\u00f3 la primera producci\u00f3n de cemento industrial&#8230;<\/p>\n\t\t\t\n\t<\/div><!-- .post-content -->\n\t\t\n\t\t\n\t\t\n<\/article>\n\t\t\t\t\t<\/div>\n\t\t\t\t\t\n\t\t\t\t\t\t\t\t\t\n\t\t\t\t\t\t\n\t\t\t\t\t\n\t\t\t\t\t\t\n\t\t\t\t\t\t\n\t\t\t\t\t\t\t\t\n\t\t\t\t\t<div class=\"col-4\">\t\n\t\t\t\t\t\t\n<article id=\"post-4754\" class=\"grid-post post-4754 post type-post status-publish format-standard has-post-thumbnail category-wineblog tag-alto-maipo tag-cabernet-sauvignon-2 tag-chile tag-vino has-excerpt\">\n\t\n\t<div class=\"post-header cf\">\n\t\t\t\n\t\t<div class=\"post-thumb\">\n\t\t\t<a href=\"https:\/\/morandewinegroup.cl\/site\/2020\/09\/el-alto-maipo-no-existe\/\" class=\"image-link\">\n\t\t\t\n\t\t\t\t<img loading=\"lazy\" decoding=\"async\" width=\"770\" height=\"368\" src=\"data:image\/svg+xml,%3Csvg%20viewBox%3D%270%200%201024%20490%27%20xmlns%3D%27http%3A%2F%2Fwww.w3.org%2F2000%2Fsvg%27%3E%3C%2Fsvg%3E\" class=\"attachment-large size-large lazyload wp-post-image\" alt=\"\" title=\"El Alto Maipo No existe\" data-srcset=\"https:\/\/morandewinegroup.cl\/site\/wp-content\/uploads\/2020\/09\/altomaipo-1024x490.png 1024w, https:\/\/morandewinegroup.cl\/site\/wp-content\/uploads\/2020\/09\/altomaipo-300x144.png 300w, https:\/\/morandewinegroup.cl\/site\/wp-content\/uploads\/2020\/09\/altomaipo.png 1170w\" data-src=\"https:\/\/morandewinegroup.cl\/site\/wp-content\/uploads\/2020\/09\/altomaipo-1024x490.png\" data-sizes=\"(max-width: 770px) 100vw, 770px\" \/>\t\t\t\t\t\n\t\t\t\t\n\t\t\t<\/a>\n\t\t\t\n\t\t\t\t\t<\/div>\n\t\t\n\t\t<div class=\"meta-title\">\n\t\t\n\t\t\t\t<div class=\"post-meta post-meta-c\">\n\t\t\n\t\t\n\t\t\n\t\t\t\t\t\n\t\t\t\n\t\t\t<h2 class=\"post-title-alt\">\n\t\t\t\t\t\t\t\n\t\t\t\t<a href=\"https:\/\/morandewinegroup.cl\/site\/2020\/09\/el-alto-maipo-no-existe\/\">El Alto Maipo No existe<\/a>\n\t\t\t\t\t\n\t\t\t\t\t\t\t<\/h2>\n\t\t\t\n\t\t\t\t\n\t\t\n\t\t\t\t\n\t\t\t<span class=\"post-author\"><span class=\"by\">By<\/span> <a href=\"https:\/\/morandewinegroup.cl\/site\/author\/admin\/\" title=\"Entradas de MWG\" rel=\"author\">MWG<\/a><\/span>\n\t\t\t<span class=\"meta-sep\"><\/span>\n\t\t\t\n\t\t\t\t\n\t\t\n\t\t\t\t\t<a href=\"https:\/\/morandewinegroup.cl\/site\/2020\/09\/el-alto-maipo-no-existe\/\" class=\"date-link\"><time class=\"post-date\" datetime=\"2020-09-29T16:51:23+00:00\">septiembre 29, 2020<\/time><\/a>\n\t\t\n\t\t\n\t<\/div>\t\t\n\t\t<\/div>\n\t\t\n\t<\/div><!-- .post-header -->\n\n\t\t<div class=\"post-content post-excerpt cf\">\n\t\t<p>No existe como un \u00e1rea claramente definida que corresponda a criterios objetivos, y creemos que debiera existir, ya que posee caracter\u00edsticas propias que lo identifican y son exclusivas de esta zona abriendo una gran oportunidad de crear&#8230;<\/p>\n\t\t\t\n\t<\/div><!-- .post-content -->\n\t\t\n\t\t\n\t\t\n<\/article>\n\t\t\t\t\t<\/div>\n\t\t\t\t\t\n\t\t\t\t\t\t\t\t\t\n\t\t\t\t\t\t\n\t\t\t\t\t\n\t\t\t\t\t\t\n\t\t\t\t\t\t\n\t\t\t\t\t\t\t\t\n\t\t\t\t\t<div class=\"col-4\">\t\n\t\t\t\t\t\t\n<article id=\"post-4783\" class=\"grid-post post-4783 post type-post status-publish format-standard has-post-thumbnail category-wineblog tag-chile tag-vino has-excerpt\">\n\t\n\t<div class=\"post-header cf\">\n\t\t\t\n\t\t<div class=\"post-thumb\">\n\t\t\t<a href=\"https:\/\/morandewinegroup.cl\/site\/2020\/09\/de-barricas-fudres-y-pipas\/\" class=\"image-link\">\n\t\t\t\n\t\t\t\t<img loading=\"lazy\" decoding=\"async\" width=\"770\" height=\"368\" src=\"data:image\/svg+xml,%3Csvg%20viewBox%3D%270%200%201024%20490%27%20xmlns%3D%27http%3A%2F%2Fwww.w3.org%2F2000%2Fsvg%27%3E%3C%2Fsvg%3E\" class=\"attachment-large size-large lazyload wp-post-image\" alt=\"\" title=\"De barricas, foudres y pipas\" data-srcset=\"https:\/\/morandewinegroup.cl\/site\/wp-content\/uploads\/2020\/09\/fudres-1024x490.png 1024w, https:\/\/morandewinegroup.cl\/site\/wp-content\/uploads\/2020\/09\/fudres-300x144.png 300w, https:\/\/morandewinegroup.cl\/site\/wp-content\/uploads\/2020\/09\/fudres.png 1170w\" data-src=\"https:\/\/morandewinegroup.cl\/site\/wp-content\/uploads\/2020\/09\/fudres-1024x490.png\" data-sizes=\"(max-width: 770px) 100vw, 770px\" \/>\t\t\t\t\t\n\t\t\t\t\n\t\t\t<\/a>\n\t\t\t\n\t\t\t\t\t<\/div>\n\t\t\n\t\t<div class=\"meta-title\">\n\t\t\n\t\t\t\t<div class=\"post-meta post-meta-c\">\n\t\t\n\t\t\n\t\t\n\t\t\t\t\t\n\t\t\t\n\t\t\t<h2 class=\"post-title-alt\">\n\t\t\t\t\t\t\t\n\t\t\t\t<a href=\"https:\/\/morandewinegroup.cl\/site\/2020\/09\/de-barricas-fudres-y-pipas\/\">De barricas, foudres y pipas<\/a>\n\t\t\t\t\t\n\t\t\t\t\t\t\t<\/h2>\n\t\t\t\n\t\t\t\t\n\t\t\n\t\t\t\t\n\t\t\t<span class=\"post-author\"><span class=\"by\">By<\/span> <a href=\"https:\/\/morandewinegroup.cl\/site\/author\/admin\/\" title=\"Entradas de MWG\" rel=\"author\">MWG<\/a><\/span>\n\t\t\t<span class=\"meta-sep\"><\/span>\n\t\t\t\n\t\t\t\t\n\t\t\n\t\t\t\t\t<a href=\"https:\/\/morandewinegroup.cl\/site\/2020\/09\/de-barricas-fudres-y-pipas\/\" class=\"date-link\"><time class=\"post-date\" datetime=\"2020-09-01T21:02:34+00:00\">septiembre 1, 2020<\/time><\/a>\n\t\t\n\t\t\n\t<\/div>\t\t\n\t\t<\/div>\n\t\t\n\t<\/div><!-- .post-header -->\n\n\t\t<div class=\"post-content post-excerpt cf\">\n\t\t<p>Hasta inicios de los a\u00f1os \u201880, las bodegas chilenas eran lugares h\u00famedos, m\u00e1s bien oscuros, con un aroma muy particular. En parte, si pienso qu\u00e9 fue lo que me atrajo inicialmente de este mundo cuando era ni\u00f1o&#8230;<\/p>\n\t\t\t\n\t<\/div><!-- .post-content -->\n\t\t\n\t\t\n\t\t\n<\/article>\n\t\t\t\t\t<\/div>\n\t\t\t\t\t\n\t\t\t\t\t\t\t\t\t\n\t\t\t\t\t\t\n\t\t\t\t\n\t\t<\/div>\n\t<\/div>\n\t\n\t\n\t\n\n\t\n\t\n\n\t\t<\/div>\n\t\n\t<\/section>\n\n[\/vc_column][\/vc_row]<\/p>\n","protected":false},"excerpt":{"rendered":"<p>[vc_row][vc_column][\/vc_column][\/vc_row]<\/p>\n","protected":false},"author":1,"featured_media":0,"parent":0,"menu_order":0,"comment_status":"closed","ping_status":"closed","template":"page-blocks.php","meta":{"footnotes":""},"class_list":["post-4344","page","type-page","status-publish"],"yoast_head":"<!-- This site is optimized with the Yoast SEO plugin v25.8 - https:\/\/yoast.com\/wordpress\/plugins\/seo\/ -->\n<title>Wineblog ~ Morande Wine Group<\/title>\n<meta name=\"robots\" content=\"index, follow, max-snippet:-1, max-image-preview:large, max-video-preview:-1\" \/>\n<link rel=\"canonical\" href=\"https:\/\/morandewinegroup.cl\/site\/wineblogs\/\" \/>\n<meta property=\"og:locale\" content=\"es_ES\" \/>\n<meta property=\"og:type\" content=\"article\" \/>\n<meta property=\"og:title\" content=\"Wineblog ~ Morande Wine Group\" \/>\n<meta property=\"og:description\" content=\"[vc_row][vc_column][\/vc_column][\/vc_row]\" \/>\n<meta property=\"og:url\" content=\"https:\/\/morandewinegroup.cl\/site\/wineblogs\/\" \/>\n<meta property=\"og:site_name\" content=\"Morande Wine Group\" \/>\n<meta property=\"article:modified_time\" content=\"2021-10-19T15:33:38+00:00\" \/>\n<meta property=\"og:image\" content=\"https:\/\/morandewinegroup.cl\/site\/wp-content\/uploads\/2025\/07\/MWG-LOGO.jpg\" \/>\n\t<meta property=\"og:image:width\" content=\"807\" \/>\n\t<meta property=\"og:image:height\" content=\"807\" \/>\n\t<meta property=\"og:image:type\" content=\"image\/jpeg\" \/>\n<meta name=\"twitter:card\" content=\"summary_large_image\" \/>\n<script type=\"application\/ld+json\" class=\"yoast-schema-graph\">{\"@context\":\"https:\/\/schema.org\",\"@graph\":[{\"@type\":\"WebPage\",\"@id\":\"https:\/\/morandewinegroup.cl\/site\/wineblogs\/\",\"url\":\"https:\/\/morandewinegroup.cl\/site\/wineblogs\/\",\"name\":\"Wineblog ~ Morande Wine Group\",\"isPartOf\":{\"@id\":\"https:\/\/morandewinegroup.cl\/site\/#website\"},\"datePublished\":\"2021-03-04T20:57:27+00:00\",\"dateModified\":\"2021-10-19T15:33:38+00:00\",\"breadcrumb\":{\"@id\":\"https:\/\/morandewinegroup.cl\/site\/wineblogs\/#breadcrumb\"},\"inLanguage\":\"es\",\"potentialAction\":[{\"@type\":\"ReadAction\",\"target\":[\"https:\/\/morandewinegroup.cl\/site\/wineblogs\/\"]}]},{\"@type\":\"BreadcrumbList\",\"@id\":\"https:\/\/morandewinegroup.cl\/site\/wineblogs\/#breadcrumb\",\"itemListElement\":[{\"@type\":\"ListItem\",\"position\":1,\"name\":\"Portada\",\"item\":\"https:\/\/morandewinegroup.cl\/site\/\"},{\"@type\":\"ListItem\",\"position\":2,\"name\":\"Wineblog\"}]},{\"@type\":\"WebSite\",\"@id\":\"https:\/\/morandewinegroup.cl\/site\/#website\",\"url\":\"https:\/\/morandewinegroup.cl\/site\/\",\"name\":\"Morande Wine Group\",\"description\":\"Grupo Enol\u00f3gico de mayor alcance en Chile\",\"publisher\":{\"@id\":\"https:\/\/morandewinegroup.cl\/site\/#organization\"},\"alternateName\":\"MWG\",\"potentialAction\":[{\"@type\":\"SearchAction\",\"target\":{\"@type\":\"EntryPoint\",\"urlTemplate\":\"https:\/\/morandewinegroup.cl\/site\/?s={search_term_string}\"},\"query-input\":{\"@type\":\"PropertyValueSpecification\",\"valueRequired\":true,\"valueName\":\"search_term_string\"}}],\"inLanguage\":\"es\"},{\"@type\":\"Organization\",\"@id\":\"https:\/\/morandewinegroup.cl\/site\/#organization\",\"name\":\"Morande Wine Group\",\"alternateName\":\"MWG\",\"url\":\"https:\/\/morandewinegroup.cl\/site\/\",\"logo\":{\"@type\":\"ImageObject\",\"inLanguage\":\"es\",\"@id\":\"https:\/\/morandewinegroup.cl\/site\/#\/schema\/logo\/image\/\",\"url\":\"https:\/\/morandewinegroup.cl\/site\/wp-content\/uploads\/2025\/07\/cropped-mwg-fav2.png\",\"contentUrl\":\"https:\/\/morandewinegroup.cl\/site\/wp-content\/uploads\/2025\/07\/cropped-mwg-fav2.png\",\"width\":512,\"height\":512,\"caption\":\"Morande Wine Group\"},\"image\":{\"@id\":\"https:\/\/morandewinegroup.cl\/site\/#\/schema\/logo\/image\/\"}}]}<\/script>\n<!-- \/ Yoast SEO plugin. -->","yoast_head_json":{"title":"Wineblog ~ Morande Wine Group","robots":{"index":"index","follow":"follow","max-snippet":"max-snippet:-1","max-image-preview":"max-image-preview:large","max-video-preview":"max-video-preview:-1"},"canonical":"https:\/\/morandewinegroup.cl\/site\/wineblogs\/","og_locale":"es_ES","og_type":"article","og_title":"Wineblog ~ Morande Wine Group","og_description":"[vc_row][vc_column][\/vc_column][\/vc_row]","og_url":"https:\/\/morandewinegroup.cl\/site\/wineblogs\/","og_site_name":"Morande Wine Group","article_modified_time":"2021-10-19T15:33:38+00:00","og_image":[{"width":807,"height":807,"url":"https:\/\/morandewinegroup.cl\/site\/wp-content\/uploads\/2025\/07\/MWG-LOGO.jpg","type":"image\/jpeg"}],"twitter_card":"summary_large_image","schema":{"@context":"https:\/\/schema.org","@graph":[{"@type":"WebPage","@id":"https:\/\/morandewinegroup.cl\/site\/wineblogs\/","url":"https:\/\/morandewinegroup.cl\/site\/wineblogs\/","name":"Wineblog ~ Morande Wine Group","isPartOf":{"@id":"https:\/\/morandewinegroup.cl\/site\/#website"},"datePublished":"2021-03-04T20:57:27+00:00","dateModified":"2021-10-19T15:33:38+00:00","breadcrumb":{"@id":"https:\/\/morandewinegroup.cl\/site\/wineblogs\/#breadcrumb"},"inLanguage":"es","potentialAction":[{"@type":"ReadAction","target":["https:\/\/morandewinegroup.cl\/site\/wineblogs\/"]}]},{"@type":"BreadcrumbList","@id":"https:\/\/morandewinegroup.cl\/site\/wineblogs\/#breadcrumb","itemListElement":[{"@type":"ListItem","position":1,"name":"Portada","item":"https:\/\/morandewinegroup.cl\/site\/"},{"@type":"ListItem","position":2,"name":"Wineblog"}]},{"@type":"WebSite","@id":"https:\/\/morandewinegroup.cl\/site\/#website","url":"https:\/\/morandewinegroup.cl\/site\/","name":"Morande Wine Group","description":"Grupo Enol\u00f3gico de mayor alcance en Chile","publisher":{"@id":"https:\/\/morandewinegroup.cl\/site\/#organization"},"alternateName":"MWG","potentialAction":[{"@type":"SearchAction","target":{"@type":"EntryPoint","urlTemplate":"https:\/\/morandewinegroup.cl\/site\/?s={search_term_string}"},"query-input":{"@type":"PropertyValueSpecification","valueRequired":true,"valueName":"search_term_string"}}],"inLanguage":"es"},{"@type":"Organization","@id":"https:\/\/morandewinegroup.cl\/site\/#organization","name":"Morande Wine Group","alternateName":"MWG","url":"https:\/\/morandewinegroup.cl\/site\/","logo":{"@type":"ImageObject","inLanguage":"es","@id":"https:\/\/morandewinegroup.cl\/site\/#\/schema\/logo\/image\/","url":"https:\/\/morandewinegroup.cl\/site\/wp-content\/uploads\/2025\/07\/cropped-mwg-fav2.png","contentUrl":"https:\/\/morandewinegroup.cl\/site\/wp-content\/uploads\/2025\/07\/cropped-mwg-fav2.png","width":512,"height":512,"caption":"Morande Wine Group"},"image":{"@id":"https:\/\/morandewinegroup.cl\/site\/#\/schema\/logo\/image\/"}}]}},"_links":{"self":[{"href":"https:\/\/morandewinegroup.cl\/site\/wp-json\/wp\/v2\/pages\/4344","targetHints":{"allow":["GET"]}}],"collection":[{"href":"https:\/\/morandewinegroup.cl\/site\/wp-json\/wp\/v2\/pages"}],"about":[{"href":"https:\/\/morandewinegroup.cl\/site\/wp-json\/wp\/v2\/types\/page"}],"author":[{"embeddable":true,"href":"https:\/\/morandewinegroup.cl\/site\/wp-json\/wp\/v2\/users\/1"}],"replies":[{"embeddable":true,"href":"https:\/\/morandewinegroup.cl\/site\/wp-json\/wp\/v2\/comments?post=4344"}],"version-history":[{"count":12,"href":"https:\/\/morandewinegroup.cl\/site\/wp-json\/wp\/v2\/pages\/4344\/revisions"}],"predecessor-version":[{"id":5662,"href":"https:\/\/morandewinegroup.cl\/site\/wp-json\/wp\/v2\/pages\/4344\/revisions\/5662"}],"wp:attachment":[{"href":"https:\/\/morandewinegroup.cl\/site\/wp-json\/wp\/v2\/media?parent=4344"}],"curies":[{"name":"wp","href":"https:\/\/api.w.org\/{rel}","templated":true}]}}